{"id":30,"date":"2021-01-18T18:20:19","date_gmt":"2021-01-18T17:20:19","guid":{"rendered":"https:\/\/beautyoase-am-pfingstanger.de\/?page_id=30"},"modified":"2025-11-15T20:20:56","modified_gmt":"2025-11-15T19:20:56","slug":"oeffnungszeiten","status":"publish","type":"page","link":"https:\/\/xn--beautyoase-wrmlitzer-mitte-nvc.de\/?page_id=30","title":{"rendered":"\u00d6ffnungszeiten"},"content":{"rendered":"\n<figure class=\"wp-block-table\"><table><tbody><tr><td class=\"has-text-align-center\" data-align=\"center\">Montag<\/td><td class=\"has-text-align-center\" data-align=\"center\">nach Absprache\/Buchung<\/td><\/tr><tr><td class=\"has-text-align-center\" data-align=\"center\">Dienstag<\/td><td class=\"has-text-align-center\" data-align=\"center\">nach Absprache\/Buchung<\/td><\/tr><tr><td class=\"has-text-align-center\" data-align=\"center\">Mittwoch<\/td><td class=\"has-text-align-center\" data-align=\"center\">nach Absprache\/Buchung<\/td><\/tr><tr><td class=\"has-text-align-center\" data-align=\"center\">Donnerstag<\/td><td class=\"has-text-align-center\" data-align=\"center\">nach Absprache\/Buchung<\/td><\/tr><tr><td class=\"has-text-align-center\" data-align=\"center\">Freitag<\/td><td class=\"has-text-align-center\" data-align=\"center\">nach Absprache\/Buchung<\/td><\/tr><\/tbody><\/table><\/figure>\n\n\n\n<p><strong>Unsere<\/strong> <strong>aktuellen Kern-\u00d6ffnungszeiten richten sich nach den Kapazit\u00e4ten der Mitarbeiterverf\u00fcgbarkeit<\/strong>.<\/p>\n\n\n\n<p><strong><u>T<\/u><u>ermine <\/u><u>nach Vereinbarung<\/u><\/strong><\/p>\n\n\n\n<p><strong>Telefonisch\/vor Ort:       68 688 788 \/<\/strong><strong>  w\u00e4hrend der \u00d6ffnungszeiten<\/strong><strong> <\/strong><\/p>\n\n\n\n<p><strong>Onlinebuchung : www.beautyoase-w\u00f6rmlitzer-mitte.de<\/strong><\/p>\n\n\n\n<p><a href=\"https:\/\/www.studiobookr.com\/beautyoase-woermlitzer-mitte-67262\">https:\/\/www.studiobookr.com\/beautyoase-woermlitzer-mitte-67262<\/a><\/p>\n\n\n\n<p><strong>Kostenfreie Stornierung bis 24 Stunden vor Terminbeginn<\/strong>.<\/p>\n\n\n\n<p>F\u00fcr das Nichterscheinen oder zu sp\u00e4te Absagen eines Termines behalten wir uns vor,eine Ausfallgeb\u00fchr ( \u00a7 615 BGB ) in H\u00f6he von 25 % der gebuchten Leistung zu erheben,soweit in der Zeit des geplanten Termines keine Ersatzeinnahme erwirtschaftet werden kann. <\/p>\n\n\n\n<p>Sicherlich k\u00f6nnen Sie nachvollziehen,das die Mitarbeiter auch bezahlt werden m\u00f6chten,wenn Termine nicht eingehalten werden.<\/p>\n\n\n\n<p><\/p>\n\n\n\n<p><\/p>\n","protected":false},"excerpt":{"rendered":"<p>Montag nach Absprache\/Buchung Dienstag nach Absprache\/Buchung Mittwoch nach Absprache\/Buchung Donnerstag nach Absprache\/Buchung Freitag [&hellip;]<\/p>\n","protected":false},"author":3,"featured_media":0,"parent":0,"menu_order":0,"comment_status":"closed","ping_status":"closed","template":"","meta":{"footnotes":""},"class_list":["post-30","page","type-page","status-publish","hentry"],"_links":{"self":[{"href":"https:\/\/xn--beautyoase-wrmlitzer-mitte-nvc.de\/index.php?rest_route=\/wp\/v2\/pages\/30","targetHints":{"allow":["GET"]}}],"collection":[{"href":"https:\/\/xn--beautyoase-wrmlitzer-mitte-nvc.de\/index.php?rest_route=\/wp\/v2\/pages"}],"about":[{"href":"https:\/\/xn--beautyoase-wrmlitzer-mitte-nvc.de\/index.php?rest_route=\/wp\/v2\/types\/page"}],"author":[{"embeddable":true,"href":"https:\/\/xn--beautyoase-wrmlitzer-mitte-nvc.de\/index.php?rest_route=\/wp\/v2\/users\/3"}],"replies":[{"embeddable":true,"href":"https:\/\/xn--beautyoase-wrmlitzer-mitte-nvc.de\/index.php?rest_route=%2Fwp%2Fv2%2Fcomments&post=30"}],"version-history":[{"count":14,"href":"https:\/\/xn--beautyoase-wrmlitzer-mitte-nvc.de\/index.php?rest_route=\/wp\/v2\/pages\/30\/revisions"}],"predecessor-version":[{"id":1032,"href":"https:\/\/xn--beautyoase-wrmlitzer-mitte-nvc.de\/index.php?rest_route=\/wp\/v2\/pages\/30\/revisions\/1032"}],"wp:attachment":[{"href":"https:\/\/xn--beautyoase-wrmlitzer-mitte-nvc.de\/index.php?rest_route=%2Fwp%2Fv2%2Fmedia&parent=30"}],"curies":[{"name":"wp","href":"https:\/\/api.w.org\/{rel}","templated":true}]}}