{"id":321,"date":"2022-11-05T21:09:43","date_gmt":"2022-11-05T20:09:43","guid":{"rendered":"https:\/\/www.xn--beautyoase-wrmlitzer-mitte-nvc.de\/?page_id=321"},"modified":"2025-11-01T16:52:54","modified_gmt":"2025-11-01T15:52:54","slug":"glynt-refill-station","status":"publish","type":"page","link":"https:\/\/xn--beautyoase-wrmlitzer-mitte-nvc.de\/?page_id=321","title":{"rendered":"Refill Station"},"content":{"rendered":"\n<p>Wir leben Nachhaltigkeit und Umweltschutz bei unserer t\u00e4glichen Arbeit.<\/p>\n\n\n\n<p>Sie haben die M\u00f6glichkeit, eine Vielzahl der Produkte von <\/p>\n\n\n\n<p>Glynt<\/p>\n\n\n\n<p>Awapuhi Paul Mitchell <\/p>\n\n\n\n<p> Hairdreams<\/p>\n\n\n\n<p>Charlotte Meentzen<\/p>\n\n\n\n<p> Gehwol<\/p>\n\n\n\n<p>( je nach Verf\u00fcgbarkeit ) bei uns auff\u00fcllen zu lassen.<\/p>\n\n\n\n<p>Bringen Sie einfach Ihre Flasche von Zuhause mit und wir f\u00fcllen sie nach . Gern r\u00e4umen wir Ihnen f\u00fcr Ihren Beitrag zur Vermeidung von Plastikm\u00fcll 5 % Nachlass ein.<\/p>\n\n\n\n<p><\/p>\n","protected":false},"excerpt":{"rendered":"<p>Wir leben Nachhaltigkeit und Umweltschutz bei unserer t\u00e4glichen Arbeit. Sie haben die M\u00f6glichkeit, [&hellip;]<\/p>\n","protected":false},"author":2,"featured_media":323,"parent":0,"menu_order":0,"comment_status":"closed","ping_status":"closed","template":"","meta":{"footnotes":""},"class_list":["post-321","page","type-page","status-publish","has-post-thumbnail","hentry"],"_links":{"self":[{"href":"https:\/\/xn--beautyoase-wrmlitzer-mitte-nvc.de\/index.php?rest_route=\/wp\/v2\/pages\/321","targetHints":{"allow":["GET"]}}],"collection":[{"href":"https:\/\/xn--beautyoase-wrmlitzer-mitte-nvc.de\/index.php?rest_route=\/wp\/v2\/pages"}],"about":[{"href":"https:\/\/xn--beautyoase-wrmlitzer-mitte-nvc.de\/index.php?rest_route=\/wp\/v2\/types\/page"}],"author":[{"embeddable":true,"href":"https:\/\/xn--beautyoase-wrmlitzer-mitte-nvc.de\/index.php?rest_route=\/wp\/v2\/users\/2"}],"replies":[{"embeddable":true,"href":"https:\/\/xn--beautyoase-wrmlitzer-mitte-nvc.de\/index.php?rest_route=%2Fwp%2Fv2%2Fcomments&post=321"}],"version-history":[{"count":7,"href":"https:\/\/xn--beautyoase-wrmlitzer-mitte-nvc.de\/index.php?rest_route=\/wp\/v2\/pages\/321\/revisions"}],"predecessor-version":[{"id":991,"href":"https:\/\/xn--beautyoase-wrmlitzer-mitte-nvc.de\/index.php?rest_route=\/wp\/v2\/pages\/321\/revisions\/991"}],"wp:featuredmedia":[{"embeddable":true,"href":"https:\/\/xn--beautyoase-wrmlitzer-mitte-nvc.de\/index.php?rest_route=\/wp\/v2\/media\/323"}],"wp:attachment":[{"href":"https:\/\/xn--beautyoase-wrmlitzer-mitte-nvc.de\/index.php?rest_route=%2Fwp%2Fv2%2Fmedia&parent=321"}],"curies":[{"name":"wp","href":"https:\/\/api.w.org\/{rel}","templated":true}]}}